{"id":537,"date":"2024-10-23T12:34:51","date_gmt":"2024-10-23T10:34:51","guid":{"rendered":"https:\/\/xn--circle-gemse-mlb.de\/reko\/produkt\/mangold-baby-leaf\/"},"modified":"2026-04-14T22:00:24","modified_gmt":"2026-04-14T20:00:24","slug":"mangold-baby-leaf","status":"publish","type":"product","link":"https:\/\/xn--circle-gemse-mlb.de\/reko\/produkt\/mangold-baby-leaf\/","title":{"rendered":"Mangold &#8211; Baby Leaf &#8211; 125g"},"content":{"rendered":"","protected":false},"excerpt":{"rendered":"<p>Peppe deinen Salat mit den frischen Farben und besten Vitaminen auf &#8230; Baby Leaf Mangold sind kleine, zarte Bl\u00e4tter, die ungekocht verzehrt werden und dem Salat super hinzugef\u00fcgt k\u00f6nnen.<\/p>\n","protected":false},"featured_media":1000000586,"template":"","meta":[],"product_brand":[],"product_cat":[16],"product_tag":[],"class_list":{"0":"post-537","1":"product","2":"type-product","3":"status-publish","4":"has-post-thumbnail","6":"product_cat-unkategorisiert","8":"first","9":"instock","10":"purchasable","11":"product-type-simple"},"yoast_head":"<!-- This site is optimized with the Yoast SEO plugin v27.3 - https:\/\/yoast.com\/product\/yoast-seo-wordpress\/ -->\n<title>Mangold - Baby Leaf - 125g - REKO<\/title>\n<meta name=\"robots\" content=\"index, follow, max-snippet:-1, max-image-preview:large, max-video-preview:-1\" \/>\n<link rel=\"canonical\" href=\"https:\/\/xn--circle-gemse-mlb.de\/reko\/produkt\/mangold-baby-leaf\/\" \/>\n<meta property=\"og:locale\" content=\"de_DE\" \/>\n<meta property=\"og:type\" content=\"article\" \/>\n<meta property=\"og:title\" content=\"Mangold - Baby Leaf - 125g - REKO\" \/>\n<meta property=\"og:description\" content=\"Peppe deinen Salat mit den frischen Farben und besten Vitaminen auf &#8230; Baby Leaf Mangold sind kleine, zarte Bl\u00e4tter, die ungekocht verzehrt werden und dem Salat super hinzugef\u00fcgt k\u00f6nnen.\" \/>\n<meta property=\"og:url\" content=\"https:\/\/xn--circle-gemse-mlb.de\/reko\/produkt\/mangold-baby-leaf\/\" \/>\n<meta property=\"og:site_name\" content=\"REKO\" \/>\n<meta property=\"article:modified_time\" content=\"2026-04-14T20:00:24+00:00\" \/>\n<meta name=\"twitter:card\" content=\"summary_large_image\" \/>\n<script type=\"application\/ld+json\" class=\"yoast-schema-graph\">{\"@context\":\"https:\\\/\\\/schema.org\",\"@graph\":[{\"@type\":\"WebPage\",\"@id\":\"https:\\\/\\\/xn--circle-gemse-mlb.de\\\/reko\\\/produkt\\\/mangold-baby-leaf\\\/\",\"url\":\"https:\\\/\\\/xn--circle-gemse-mlb.de\\\/reko\\\/produkt\\\/mangold-baby-leaf\\\/\",\"name\":\"Mangold - Baby Leaf - 125g - REKO\",\"isPartOf\":{\"@id\":\"https:\\\/\\\/xn--circle-gemse-mlb.de\\\/reko\\\/#website\"},\"primaryImageOfPage\":{\"@id\":\"https:\\\/\\\/xn--circle-gemse-mlb.de\\\/reko\\\/produkt\\\/mangold-baby-leaf\\\/#primaryimage\"},\"image\":{\"@id\":\"https:\\\/\\\/xn--circle-gemse-mlb.de\\\/reko\\\/produkt\\\/mangold-baby-leaf\\\/#primaryimage\"},\"thumbnailUrl\":\"https:\\\/\\\/xn--circle-gemse-mlb.de\\\/reko\\\/wp-content\\\/uploads\\\/2024\\\/10\\\/1000025085.jpg\",\"datePublished\":\"2024-10-23T10:34:51+00:00\",\"dateModified\":\"2026-04-14T20:00:24+00:00\",\"breadcrumb\":{\"@id\":\"https:\\\/\\\/xn--circle-gemse-mlb.de\\\/reko\\\/produkt\\\/mangold-baby-leaf\\\/#breadcrumb\"},\"inLanguage\":\"de\",\"potentialAction\":[{\"@type\":\"ReadAction\",\"target\":[\"https:\\\/\\\/xn--circle-gemse-mlb.de\\\/reko\\\/produkt\\\/mangold-baby-leaf\\\/\"]}]},{\"@type\":\"ImageObject\",\"inLanguage\":\"de\",\"@id\":\"https:\\\/\\\/xn--circle-gemse-mlb.de\\\/reko\\\/produkt\\\/mangold-baby-leaf\\\/#primaryimage\",\"url\":\"https:\\\/\\\/xn--circle-gemse-mlb.de\\\/reko\\\/wp-content\\\/uploads\\\/2024\\\/10\\\/1000025085.jpg\",\"contentUrl\":\"https:\\\/\\\/xn--circle-gemse-mlb.de\\\/reko\\\/wp-content\\\/uploads\\\/2024\\\/10\\\/1000025085.jpg\"},{\"@type\":\"BreadcrumbList\",\"@id\":\"https:\\\/\\\/xn--circle-gemse-mlb.de\\\/reko\\\/produkt\\\/mangold-baby-leaf\\\/#breadcrumb\",\"itemListElement\":[{\"@type\":\"ListItem\",\"position\":1,\"name\":\"Startseite\",\"item\":\"https:\\\/\\\/xn--circle-gemse-mlb.de\\\/reko\\\/\"},{\"@type\":\"ListItem\",\"position\":2,\"name\":\"REKO &#8211; Shop\",\"item\":\"https:\\\/\\\/xn--circle-gemse-mlb.de\\\/reko\\\/\"},{\"@type\":\"ListItem\",\"position\":3,\"name\":\"Mangold &#8211; Baby Leaf &#8211; 125g\"}]},{\"@type\":\"WebSite\",\"@id\":\"https:\\\/\\\/xn--circle-gemse-mlb.de\\\/reko\\\/#website\",\"url\":\"https:\\\/\\\/xn--circle-gemse-mlb.de\\\/reko\\\/\",\"name\":\"REKO\",\"description\":\"\",\"potentialAction\":[{\"@type\":\"SearchAction\",\"target\":{\"@type\":\"EntryPoint\",\"urlTemplate\":\"https:\\\/\\\/xn--circle-gemse-mlb.de\\\/reko\\\/?s={search_term_string}\"},\"query-input\":{\"@type\":\"PropertyValueSpecification\",\"valueRequired\":true,\"valueName\":\"search_term_string\"}}],\"inLanguage\":\"de\"}]}<\/script>\n<!-- \/ Yoast SEO plugin. -->","yoast_head_json":{"title":"Mangold - Baby Leaf - 125g - REKO","robots":{"index":"index","follow":"follow","max-snippet":"max-snippet:-1","max-image-preview":"max-image-preview:large","max-video-preview":"max-video-preview:-1"},"canonical":"https:\/\/xn--circle-gemse-mlb.de\/reko\/produkt\/mangold-baby-leaf\/","og_locale":"de_DE","og_type":"article","og_title":"Mangold - Baby Leaf - 125g - REKO","og_description":"Peppe deinen Salat mit den frischen Farben und besten Vitaminen auf &#8230; Baby Leaf Mangold sind kleine, zarte Bl\u00e4tter, die ungekocht verzehrt werden und dem Salat super hinzugef\u00fcgt k\u00f6nnen.","og_url":"https:\/\/xn--circle-gemse-mlb.de\/reko\/produkt\/mangold-baby-leaf\/","og_site_name":"REKO","article_modified_time":"2026-04-14T20:00:24+00:00","twitter_card":"summary_large_image","schema":{"@context":"https:\/\/schema.org","@graph":[{"@type":"WebPage","@id":"https:\/\/xn--circle-gemse-mlb.de\/reko\/produkt\/mangold-baby-leaf\/","url":"https:\/\/xn--circle-gemse-mlb.de\/reko\/produkt\/mangold-baby-leaf\/","name":"Mangold - Baby Leaf - 125g - REKO","isPartOf":{"@id":"https:\/\/xn--circle-gemse-mlb.de\/reko\/#website"},"primaryImageOfPage":{"@id":"https:\/\/xn--circle-gemse-mlb.de\/reko\/produkt\/mangold-baby-leaf\/#primaryimage"},"image":{"@id":"https:\/\/xn--circle-gemse-mlb.de\/reko\/produkt\/mangold-baby-leaf\/#primaryimage"},"thumbnailUrl":"https:\/\/xn--circle-gemse-mlb.de\/reko\/wp-content\/uploads\/2024\/10\/1000025085.jpg","datePublished":"2024-10-23T10:34:51+00:00","dateModified":"2026-04-14T20:00:24+00:00","breadcrumb":{"@id":"https:\/\/xn--circle-gemse-mlb.de\/reko\/produkt\/mangold-baby-leaf\/#breadcrumb"},"inLanguage":"de","potentialAction":[{"@type":"ReadAction","target":["https:\/\/xn--circle-gemse-mlb.de\/reko\/produkt\/mangold-baby-leaf\/"]}]},{"@type":"ImageObject","inLanguage":"de","@id":"https:\/\/xn--circle-gemse-mlb.de\/reko\/produkt\/mangold-baby-leaf\/#primaryimage","url":"https:\/\/xn--circle-gemse-mlb.de\/reko\/wp-content\/uploads\/2024\/10\/1000025085.jpg","contentUrl":"https:\/\/xn--circle-gemse-mlb.de\/reko\/wp-content\/uploads\/2024\/10\/1000025085.jpg"},{"@type":"BreadcrumbList","@id":"https:\/\/xn--circle-gemse-mlb.de\/reko\/produkt\/mangold-baby-leaf\/#breadcrumb","itemListElement":[{"@type":"ListItem","position":1,"name":"Startseite","item":"https:\/\/xn--circle-gemse-mlb.de\/reko\/"},{"@type":"ListItem","position":2,"name":"REKO &#8211; Shop","item":"https:\/\/xn--circle-gemse-mlb.de\/reko\/"},{"@type":"ListItem","position":3,"name":"Mangold &#8211; Baby Leaf &#8211; 125g"}]},{"@type":"WebSite","@id":"https:\/\/xn--circle-gemse-mlb.de\/reko\/#website","url":"https:\/\/xn--circle-gemse-mlb.de\/reko\/","name":"REKO","description":"","potentialAction":[{"@type":"SearchAction","target":{"@type":"EntryPoint","urlTemplate":"https:\/\/xn--circle-gemse-mlb.de\/reko\/?s={search_term_string}"},"query-input":{"@type":"PropertyValueSpecification","valueRequired":true,"valueName":"search_term_string"}}],"inLanguage":"de"}]}},"_links":{"self":[{"href":"https:\/\/xn--circle-gemse-mlb.de\/reko\/wp-json\/wp\/v2\/product\/537","targetHints":{"allow":["GET"]}}],"collection":[{"href":"https:\/\/xn--circle-gemse-mlb.de\/reko\/wp-json\/wp\/v2\/product"}],"about":[{"href":"https:\/\/xn--circle-gemse-mlb.de\/reko\/wp-json\/wp\/v2\/types\/product"}],"wp:featuredmedia":[{"embeddable":true,"href":"https:\/\/xn--circle-gemse-mlb.de\/reko\/wp-json\/"}],"wp:attachment":[{"href":"https:\/\/xn--circle-gemse-mlb.de\/reko\/wp-json\/wp\/v2\/media?parent=537"}],"wp:term":[{"taxonomy":"product_brand","embeddable":true,"href":"https:\/\/xn--circle-gemse-mlb.de\/reko\/wp-json\/wp\/v2\/product_brand?post=537"},{"taxonomy":"product_cat","embeddable":true,"href":"https:\/\/xn--circle-gemse-mlb.de\/reko\/wp-json\/wp\/v2\/product_cat?post=537"},{"taxonomy":"product_tag","embeddable":true,"href":"https:\/\/xn--circle-gemse-mlb.de\/reko\/wp-json\/wp\/v2\/product_tag?post=537"}],"curies":[{"name":"wp","href":"https:\/\/api.w.org\/{rel}","templated":true}]}}