{"id":540,"date":"2024-07-05T14:39:34","date_gmt":"2024-07-05T12:39:34","guid":{"rendered":"https:\/\/xn--circle-gemse-mlb.de\/reko\/produkt\/sossentomate-san-berao\/"},"modified":"2026-03-29T15:14:58","modified_gmt":"2026-03-29T13:14:58","slug":"sossentomate-san-berao","status":"publish","type":"product","link":"https:\/\/xn--circle-gemse-mlb.de\/reko\/produkt\/sossentomate-san-berao\/","title":{"rendered":"So\u00dfentomate &#8211; San Berao -1kg"},"content":{"rendered":"","protected":false},"excerpt":{"rendered":"<p>Roh gegessen sind diese Tomaten sehr langweilig und nicht zu empfehlen, ABER mit Oliven\u00f6l und einer Prise Salz zu einer So\u00dfe reduziert, f\u00fcr Pasta oder Pizza, ist das Ganze einfach LECKER UND FANTASTISCH!!!<\/p>\n","protected":false},"featured_media":1000000448,"template":"","meta":[],"product_brand":[],"product_cat":[16],"product_tag":[],"class_list":{"0":"post-540","1":"product","2":"type-product","3":"status-publish","4":"has-post-thumbnail","6":"product_cat-unkategorisiert","8":"first","9":"outofstock","10":"featured","11":"purchasable","12":"product-type-simple"},"yoast_head":"<!-- This site is optimized with the Yoast SEO plugin v27.3 - https:\/\/yoast.com\/product\/yoast-seo-wordpress\/ -->\n<title>So\u00dfentomate - San Berao -1kg - REKO<\/title>\n<meta name=\"robots\" content=\"index, follow, max-snippet:-1, max-image-preview:large, max-video-preview:-1\" \/>\n<link rel=\"canonical\" href=\"https:\/\/xn--circle-gemse-mlb.de\/reko\/produkt\/sossentomate-san-berao\/\" \/>\n<meta property=\"og:locale\" content=\"de_DE\" \/>\n<meta property=\"og:type\" content=\"article\" \/>\n<meta property=\"og:title\" content=\"So\u00dfentomate - San Berao -1kg - REKO\" \/>\n<meta property=\"og:description\" content=\"Roh gegessen sind diese Tomaten sehr langweilig und nicht zu empfehlen, ABER mit Oliven\u00f6l und einer Prise Salz zu einer So\u00dfe reduziert, f\u00fcr Pasta oder Pizza, ist das Ganze einfach LECKER UND FANTASTISCH!!!\" \/>\n<meta property=\"og:url\" content=\"https:\/\/xn--circle-gemse-mlb.de\/reko\/produkt\/sossentomate-san-berao\/\" \/>\n<meta property=\"og:site_name\" content=\"REKO\" \/>\n<meta property=\"article:modified_time\" content=\"2026-03-29T13:14:58+00:00\" \/>\n<meta name=\"twitter:card\" content=\"summary_large_image\" \/>\n<script type=\"application\/ld+json\" class=\"yoast-schema-graph\">{\"@context\":\"https:\\\/\\\/schema.org\",\"@graph\":[{\"@type\":\"WebPage\",\"@id\":\"https:\\\/\\\/xn--circle-gemse-mlb.de\\\/reko\\\/produkt\\\/sossentomate-san-berao\\\/\",\"url\":\"https:\\\/\\\/xn--circle-gemse-mlb.de\\\/reko\\\/produkt\\\/sossentomate-san-berao\\\/\",\"name\":\"So\u00dfentomate - San Berao -1kg - REKO\",\"isPartOf\":{\"@id\":\"https:\\\/\\\/xn--circle-gemse-mlb.de\\\/reko\\\/#website\"},\"primaryImageOfPage\":{\"@id\":\"https:\\\/\\\/xn--circle-gemse-mlb.de\\\/reko\\\/produkt\\\/sossentomate-san-berao\\\/#primaryimage\"},\"image\":{\"@id\":\"https:\\\/\\\/xn--circle-gemse-mlb.de\\\/reko\\\/produkt\\\/sossentomate-san-berao\\\/#primaryimage\"},\"thumbnailUrl\":\"https:\\\/\\\/xn--circle-gemse-mlb.de\\\/reko\\\/wp-content\\\/uploads\\\/2024\\\/07\\\/San-Berao.png\",\"datePublished\":\"2024-07-05T12:39:34+00:00\",\"dateModified\":\"2026-03-29T13:14:58+00:00\",\"breadcrumb\":{\"@id\":\"https:\\\/\\\/xn--circle-gemse-mlb.de\\\/reko\\\/produkt\\\/sossentomate-san-berao\\\/#breadcrumb\"},\"inLanguage\":\"de\",\"potentialAction\":[{\"@type\":\"ReadAction\",\"target\":[\"https:\\\/\\\/xn--circle-gemse-mlb.de\\\/reko\\\/produkt\\\/sossentomate-san-berao\\\/\"]}]},{\"@type\":\"ImageObject\",\"inLanguage\":\"de\",\"@id\":\"https:\\\/\\\/xn--circle-gemse-mlb.de\\\/reko\\\/produkt\\\/sossentomate-san-berao\\\/#primaryimage\",\"url\":\"https:\\\/\\\/xn--circle-gemse-mlb.de\\\/reko\\\/wp-content\\\/uploads\\\/2024\\\/07\\\/San-Berao.png\",\"contentUrl\":\"https:\\\/\\\/xn--circle-gemse-mlb.de\\\/reko\\\/wp-content\\\/uploads\\\/2024\\\/07\\\/San-Berao.png\"},{\"@type\":\"BreadcrumbList\",\"@id\":\"https:\\\/\\\/xn--circle-gemse-mlb.de\\\/reko\\\/produkt\\\/sossentomate-san-berao\\\/#breadcrumb\",\"itemListElement\":[{\"@type\":\"ListItem\",\"position\":1,\"name\":\"Startseite\",\"item\":\"https:\\\/\\\/xn--circle-gemse-mlb.de\\\/reko\\\/\"},{\"@type\":\"ListItem\",\"position\":2,\"name\":\"REKO &#8211; Shop\",\"item\":\"https:\\\/\\\/xn--circle-gemse-mlb.de\\\/reko\\\/\"},{\"@type\":\"ListItem\",\"position\":3,\"name\":\"So\u00dfentomate &#8211; San Berao -1kg\"}]},{\"@type\":\"WebSite\",\"@id\":\"https:\\\/\\\/xn--circle-gemse-mlb.de\\\/reko\\\/#website\",\"url\":\"https:\\\/\\\/xn--circle-gemse-mlb.de\\\/reko\\\/\",\"name\":\"REKO\",\"description\":\"\",\"potentialAction\":[{\"@type\":\"SearchAction\",\"target\":{\"@type\":\"EntryPoint\",\"urlTemplate\":\"https:\\\/\\\/xn--circle-gemse-mlb.de\\\/reko\\\/?s={search_term_string}\"},\"query-input\":{\"@type\":\"PropertyValueSpecification\",\"valueRequired\":true,\"valueName\":\"search_term_string\"}}],\"inLanguage\":\"de\"}]}<\/script>\n<!-- \/ Yoast SEO plugin. -->","yoast_head_json":{"title":"So\u00dfentomate - San Berao -1kg - REKO","robots":{"index":"index","follow":"follow","max-snippet":"max-snippet:-1","max-image-preview":"max-image-preview:large","max-video-preview":"max-video-preview:-1"},"canonical":"https:\/\/xn--circle-gemse-mlb.de\/reko\/produkt\/sossentomate-san-berao\/","og_locale":"de_DE","og_type":"article","og_title":"So\u00dfentomate - San Berao -1kg - REKO","og_description":"Roh gegessen sind diese Tomaten sehr langweilig und nicht zu empfehlen, ABER mit Oliven\u00f6l und einer Prise Salz zu einer So\u00dfe reduziert, f\u00fcr Pasta oder Pizza, ist das Ganze einfach LECKER UND FANTASTISCH!!!","og_url":"https:\/\/xn--circle-gemse-mlb.de\/reko\/produkt\/sossentomate-san-berao\/","og_site_name":"REKO","article_modified_time":"2026-03-29T13:14:58+00:00","twitter_card":"summary_large_image","schema":{"@context":"https:\/\/schema.org","@graph":[{"@type":"WebPage","@id":"https:\/\/xn--circle-gemse-mlb.de\/reko\/produkt\/sossentomate-san-berao\/","url":"https:\/\/xn--circle-gemse-mlb.de\/reko\/produkt\/sossentomate-san-berao\/","name":"So\u00dfentomate - San Berao -1kg - REKO","isPartOf":{"@id":"https:\/\/xn--circle-gemse-mlb.de\/reko\/#website"},"primaryImageOfPage":{"@id":"https:\/\/xn--circle-gemse-mlb.de\/reko\/produkt\/sossentomate-san-berao\/#primaryimage"},"image":{"@id":"https:\/\/xn--circle-gemse-mlb.de\/reko\/produkt\/sossentomate-san-berao\/#primaryimage"},"thumbnailUrl":"https:\/\/xn--circle-gemse-mlb.de\/reko\/wp-content\/uploads\/2024\/07\/San-Berao.png","datePublished":"2024-07-05T12:39:34+00:00","dateModified":"2026-03-29T13:14:58+00:00","breadcrumb":{"@id":"https:\/\/xn--circle-gemse-mlb.de\/reko\/produkt\/sossentomate-san-berao\/#breadcrumb"},"inLanguage":"de","potentialAction":[{"@type":"ReadAction","target":["https:\/\/xn--circle-gemse-mlb.de\/reko\/produkt\/sossentomate-san-berao\/"]}]},{"@type":"ImageObject","inLanguage":"de","@id":"https:\/\/xn--circle-gemse-mlb.de\/reko\/produkt\/sossentomate-san-berao\/#primaryimage","url":"https:\/\/xn--circle-gemse-mlb.de\/reko\/wp-content\/uploads\/2024\/07\/San-Berao.png","contentUrl":"https:\/\/xn--circle-gemse-mlb.de\/reko\/wp-content\/uploads\/2024\/07\/San-Berao.png"},{"@type":"BreadcrumbList","@id":"https:\/\/xn--circle-gemse-mlb.de\/reko\/produkt\/sossentomate-san-berao\/#breadcrumb","itemListElement":[{"@type":"ListItem","position":1,"name":"Startseite","item":"https:\/\/xn--circle-gemse-mlb.de\/reko\/"},{"@type":"ListItem","position":2,"name":"REKO &#8211; Shop","item":"https:\/\/xn--circle-gemse-mlb.de\/reko\/"},{"@type":"ListItem","position":3,"name":"So\u00dfentomate &#8211; San Berao -1kg"}]},{"@type":"WebSite","@id":"https:\/\/xn--circle-gemse-mlb.de\/reko\/#website","url":"https:\/\/xn--circle-gemse-mlb.de\/reko\/","name":"REKO","description":"","potentialAction":[{"@type":"SearchAction","target":{"@type":"EntryPoint","urlTemplate":"https:\/\/xn--circle-gemse-mlb.de\/reko\/?s={search_term_string}"},"query-input":{"@type":"PropertyValueSpecification","valueRequired":true,"valueName":"search_term_string"}}],"inLanguage":"de"}]}},"_links":{"self":[{"href":"https:\/\/xn--circle-gemse-mlb.de\/reko\/wp-json\/wp\/v2\/product\/540","targetHints":{"allow":["GET"]}}],"collection":[{"href":"https:\/\/xn--circle-gemse-mlb.de\/reko\/wp-json\/wp\/v2\/product"}],"about":[{"href":"https:\/\/xn--circle-gemse-mlb.de\/reko\/wp-json\/wp\/v2\/types\/product"}],"wp:featuredmedia":[{"embeddable":true,"href":"https:\/\/xn--circle-gemse-mlb.de\/reko\/wp-json\/"}],"wp:attachment":[{"href":"https:\/\/xn--circle-gemse-mlb.de\/reko\/wp-json\/wp\/v2\/media?parent=540"}],"wp:term":[{"taxonomy":"product_brand","embeddable":true,"href":"https:\/\/xn--circle-gemse-mlb.de\/reko\/wp-json\/wp\/v2\/product_brand?post=540"},{"taxonomy":"product_cat","embeddable":true,"href":"https:\/\/xn--circle-gemse-mlb.de\/reko\/wp-json\/wp\/v2\/product_cat?post=540"},{"taxonomy":"product_tag","embeddable":true,"href":"https:\/\/xn--circle-gemse-mlb.de\/reko\/wp-json\/wp\/v2\/product_tag?post=540"}],"curies":[{"name":"wp","href":"https:\/\/api.w.org\/{rel}","templated":true}]}}